{"id":1917,"date":"2024-06-11T18:57:35","date_gmt":"2024-06-11T21:57:35","guid":{"rendered":"https:\/\/aguaattiva.com.br\/minha-conta\/"},"modified":"2024-07-04T18:28:12","modified_gmt":"2024-07-04T21:28:12","slug":"minha-conta","status":"publish","type":"page","link":"https:\/\/aguaattiva.com.br\/ar\/minha-conta\/","title":{"rendered":"Minha conta"},"content":{"rendered":"<div data-elementor-type=\"wp-page\" data-elementor-id=\"1917\" class=\"elementor elementor-1917\" data-elementor-post-type=\"page\">\n\t\t\t\t<div class=\"elementor-element elementor-element-a1c0a30 e-flex e-con-boxed wpr-particle-no wpr-jarallax-no wpr-parallax-no wpr-sticky-section-no e-con e-parent\" data-id=\"a1c0a30\" data-element_type=\"container\" data-settings=\"{&quot;background_background&quot;:&quot;gradient&quot;}\">\n\t\t\t\t\t<div class=\"e-con-inner\">\n\t\t<div class=\"elementor-element elementor-element-8a00131 e-con-full e-flex wpr-particle-no wpr-jarallax-no wpr-parallax-no wpr-sticky-section-no e-con e-child\" data-id=\"8a00131\" data-element_type=\"container\">\n\t\t<div class=\"elementor-element elementor-element-496a3ac e-flex e-con-boxed wpr-particle-no wpr-jarallax-no wpr-parallax-no wpr-sticky-section-no e-con e-child\" data-id=\"496a3ac\" data-element_type=\"container\">\n\t\t\t\t\t<div class=\"e-con-inner\">\n\t\t\t\t<div class=\"elementor-element elementor-element-01dc938 elementor-widget__width-initial elementor-widget elementor-widget-heading\" data-id=\"01dc938\" data-element_type=\"widget\" data-widget_type=\"heading.default\">\n\t\t\t\t<div class=\"elementor-widget-container\">\n\t\t\t\t\t<h2 class=\"elementor-heading-title elementor-size-default\">Usu\u00e1rio <\/h2>\t\t\t\t<\/div>\n\t\t\t\t<\/div>\n\t\t<div class=\"elementor-element elementor-element-ecda1d4 e-con-full e-flex wpr-particle-no wpr-jarallax-no wpr-parallax-no wpr-sticky-section-no e-con e-child\" data-id=\"ecda1d4\" data-element_type=\"container\">\n\t\t<div class=\"elementor-element elementor-element-6ba56d0 e-con-full e-flex wpr-particle-no wpr-jarallax-no wpr-parallax-no wpr-sticky-section-no e-con e-child\" data-id=\"6ba56d0\" data-element_type=\"container\">\n\t\t\t\t<\/div>\n\t\t<div class=\"elementor-element elementor-element-c324ab0 e-con-full e-flex wpr-particle-no wpr-jarallax-no wpr-parallax-no wpr-sticky-section-no e-con e-child\" data-id=\"c324ab0\" data-element_type=\"container\">\n\t\t<div class=\"elementor-element elementor-element-deedb46 e-con-full e-flex wpr-particle-no wpr-jarallax-no wpr-parallax-no wpr-sticky-section-no e-con e-child\" data-id=\"deedb46\" data-element_type=\"container\" data-settings=\"{&quot;background_background&quot;:&quot;classic&quot;}\">\n\t\t\t\t<\/div>\n\t\t\t\t<\/div>\n\t\t\t\t<\/div>\n\t\t\t\t\t<\/div>\n\t\t\t\t<\/div>\n\t\t<div class=\"elementor-element elementor-element-175345e e-con-full e-flex wpr-particle-no wpr-jarallax-no wpr-parallax-no wpr-sticky-section-no e-con e-child\" data-id=\"175345e\" data-element_type=\"container\">\n\t\t\t\t<div class=\"elementor-element elementor-element-6649e89 elementor-arrows-position-outside elementor-pagination-position-outside elementor-widget elementor-widget-image-carousel\" data-id=\"6649e89\" data-element_type=\"widget\" data-settings=\"{&quot;slides_to_show&quot;:&quot;6&quot;,&quot;slides_to_show_tablet&quot;:&quot;5&quot;,&quot;slides_to_show_mobile&quot;:&quot;1&quot;,&quot;slides_to_scroll&quot;:&quot;1&quot;,&quot;image_spacing_custom&quot;:{&quot;unit&quot;:&quot;px&quot;,&quot;size&quot;:84,&quot;sizes&quot;:[]},&quot;navigation&quot;:&quot;both&quot;,&quot;autoplay&quot;:&quot;yes&quot;,&quot;pause_on_hover&quot;:&quot;yes&quot;,&quot;pause_on_interaction&quot;:&quot;yes&quot;,&quot;autoplay_speed&quot;:5000,&quot;infinite&quot;:&quot;yes&quot;,&quot;speed&quot;:500,&quot;image_spacing_custom_tablet&quot;:{&quot;unit&quot;:&quot;px&quot;,&quot;size&quot;:&quot;&quot;,&quot;sizes&quot;:[]}}\" data-widget_type=\"image-carousel.default\">\n\t\t\t\t<div class=\"elementor-widget-container\">\n\t\t\t\t\t\t\t<div class=\"elementor-image-carousel-wrapper swiper\" role=\"region\" aria-roledescription=\"carousel\" aria-label=\"Carrusel de im\u00e1genes\" dir=\"ltr\">\n\t\t\t<div class=\"elementor-image-carousel swiper-wrapper\" aria-live=\"off\">\n\t\t\t\t\t\t\t\t<div class=\"swiper-slide\" role=\"group\" aria-roledescription=\"slide\" aria-label=\"1 of 6\" data-no-translation-aria-label=\"\"><figure class=\"swiper-slide-inner\"><img decoding=\"async\" class=\"swiper-slide-image\" src=\"https:\/\/aguaattiva.com.br\/wp-content\/uploads\/2023\/09\/storm_energy-drink.png\" alt=\"storm_energy drink\" \/><\/figure><\/div><div class=\"swiper-slide\" role=\"group\" aria-roledescription=\"slide\" aria-label=\"2 of 6\" data-no-translation-aria-label=\"\"><figure class=\"swiper-slide-inner\"><img decoding=\"async\" class=\"swiper-slide-image\" src=\"https:\/\/aguaattiva.com.br\/wp-content\/uploads\/2023\/09\/Mineralle-NOVO.png\" alt=\"Mineralle NOVO\" \/><\/figure><\/div><div class=\"swiper-slide\" role=\"group\" aria-roledescription=\"slide\" aria-label=\"3 of 6\" data-no-translation-aria-label=\"\"><figure class=\"swiper-slide-inner\"><img decoding=\"async\" class=\"swiper-slide-image\" src=\"https:\/\/aguaattiva.com.br\/wp-content\/uploads\/2023\/09\/agua_attiva-1.png\" alt=\"\u00e1gua_attiva\" \/><\/figure><\/div><div class=\"swiper-slide\" role=\"group\" aria-roledescription=\"slide\" aria-label=\"4 of 6\" data-no-translation-aria-label=\"\"><figure class=\"swiper-slide-inner\"><img decoding=\"async\" class=\"swiper-slide-image\" src=\"https:\/\/aguaattiva.com.br\/wp-content\/uploads\/2023\/09\/attack_energy-drink.png\" alt=\"attack_energy drink\" \/><\/figure><\/div><div class=\"swiper-slide\" role=\"group\" aria-roledescription=\"slide\" aria-label=\"5 of 6\" data-no-translation-aria-label=\"\"><figure class=\"swiper-slide-inner\"><img decoding=\"async\" class=\"swiper-slide-image\" src=\"https:\/\/aguaattiva.com.br\/wp-content\/uploads\/2023\/09\/Mineralle-NOVO-2.png\" alt=\"Mineralle NOVO 2\" \/><\/figure><\/div><div class=\"swiper-slide\" role=\"group\" aria-roledescription=\"slide\" aria-label=\"6 of 6\" data-no-translation-aria-label=\"\"><figure class=\"swiper-slide-inner\"><img decoding=\"async\" class=\"swiper-slide-image\" src=\"https:\/\/aguaattiva.com.br\/wp-content\/uploads\/2023\/09\/Agua-Rara.png\" alt=\"Agua Rara\" \/><\/figure><\/div>\t\t\t<\/div>\n\t\t\t\t\t\t\t\t\t\t\t\t<div class=\"elementor-swiper-button elementor-swiper-button-prev\" role=\"button\" tabindex=\"0\">\n\t\t\t\t\t\t<i aria-hidden=\"true\" class=\"eicon-chevron-left\"><\/i>\t\t\t\t\t<\/div>\n\t\t\t\t\t<div class=\"elementor-swiper-button elementor-swiper-button-next\" role=\"button\" tabindex=\"0\">\n\t\t\t\t\t\t<i aria-hidden=\"true\" class=\"eicon-chevron-right\"><\/i>\t\t\t\t\t<\/div>\n\t\t\t\t\n\t\t\t\t\t\t\t\t\t<div class=\"swiper-pagination\"><\/div>\n\t\t\t\t\t\t\t\t\t<\/div>\n\t\t\t\t\t\t<\/div>\n\t\t\t\t<\/div>\n\t\t\t\t<\/div>\n\t\t\t\t<\/div>\n\t\t\t\t\t<\/div>\n\t\t\t\t<\/div>\n\t\t\t\t<\/div>","protected":false},"excerpt":{"rendered":"<p>Usu\u00e1rio DashboardAdicionar NovoUsu\u00e1rio aguaattiva.com.br Painel Pedidos Downloads Endere\u00e7os Detalhes da conta Log out Ol\u00e1, aguaattiva.com.br (n\u00e3o \u00e9 aguaattiva.com.br? Sair) A partir do painel de controle de sua conta, voc\u00ea pode ver suas compras recentes, gerenciar seus endere\u00e7os de entrega e faturamento, e editar sua senha e detalhes da conta.<\/p>","protected":false},"author":1,"featured_media":0,"parent":0,"menu_order":0,"comment_status":"closed","ping_status":"closed","template":"elementor_header_footer","meta":{"footnotes":""},"class_list":["post-1917","page","type-page","status-publish","hentry"],"yoast_head":"<!-- This site is optimized with the Yoast SEO Premium plugin v21.4 (Yoast SEO v27.2) - https:\/\/yoast.com\/product\/yoast-seo-premium-wordpress\/ -->\n<title>Minha conta - aguaattiva.com.br<\/title>\n<meta name=\"robots\" content=\"index, follow, max-snippet:-1, max-image-preview:large, max-video-preview:-1\" \/>\n<link rel=\"canonical\" href=\"https:\/\/aguaattiva.com.br\/ar\/minha-conta\/\" \/>\n<meta property=\"og:locale\" content=\"ar_AR\" \/>\n<meta property=\"og:type\" content=\"article\" \/>\n<meta property=\"og:title\" content=\"Minha conta\" \/>\n<meta property=\"og:description\" content=\"Usu\u00e1rio DashboardAdicionar NovoUsu\u00e1rio aguaattiva.com.br Painel Pedidos Downloads Endere\u00e7os Detalhes da conta Log out Ol\u00e1, aguaattiva.com.br (n\u00e3o \u00e9 aguaattiva.com.br? Sair) A partir do painel de controle de sua conta, voc\u00ea pode ver suas compras recentes, gerenciar seus endere\u00e7os de entrega e faturamento, e editar sua senha e detalhes da conta.\" \/>\n<meta property=\"og:url\" content=\"https:\/\/aguaattiva.com.br\/ar\/minha-conta\/\" \/>\n<meta property=\"og:site_name\" content=\"aguaattiva.com.br\" \/>\n<meta property=\"article:publisher\" content=\"https:\/\/www.facebook.com\/AguaAttiva\" \/>\n<meta property=\"article:modified_time\" content=\"2024-07-04T21:28:12+00:00\" \/>\n<meta property=\"og:image\" content=\"https:\/\/secure.gravatar.com\/avatar\/6d53c1bf68023d95de4ca5f139209521?s=96&amp;d=mm&amp;r=g\" \/>\n<meta name=\"twitter:card\" content=\"summary_large_image\" \/>\n<script type=\"application\/ld+json\" class=\"yoast-schema-graph\">{\"@context\":\"https:\/\/schema.org\",\"@graph\":[{\"@type\":\"WebPage\",\"@id\":\"https:\/\/aguaattiva.com.br\/minha-conta\/\",\"url\":\"https:\/\/aguaattiva.com.br\/minha-conta\/\",\"name\":\"Minha conta - aguaattiva.com.br\",\"isPartOf\":{\"@id\":\"https:\/\/aguaattiva.com.br\/#website\"},\"primaryImageOfPage\":{\"@id\":\"https:\/\/aguaattiva.com.br\/minha-conta\/#primaryimage\"},\"image\":{\"@id\":\"https:\/\/aguaattiva.com.br\/minha-conta\/#primaryimage\"},\"thumbnailUrl\":\"https:\/\/secure.gravatar.com\/avatar\/6d53c1bf68023d95de4ca5f139209521?s=96&amp;d=mm&amp;r=g\",\"datePublished\":\"2024-06-11T21:57:35+00:00\",\"dateModified\":\"2024-07-04T21:28:12+00:00\",\"breadcrumb\":{\"@id\":\"https:\/\/aguaattiva.com.br\/minha-conta\/#breadcrumb\"},\"inLanguage\":\"ar\",\"potentialAction\":[{\"@type\":\"ReadAction\",\"target\":[\"https:\/\/aguaattiva.com.br\/minha-conta\/\"]}]},{\"@type\":\"ImageObject\",\"inLanguage\":\"ar\",\"@id\":\"https:\/\/aguaattiva.com.br\/minha-conta\/#primaryimage\",\"url\":\"https:\/\/secure.gravatar.com\/avatar\/6d53c1bf68023d95de4ca5f139209521?s=96&amp;d=mm&amp;r=g\",\"contentUrl\":\"https:\/\/secure.gravatar.com\/avatar\/6d53c1bf68023d95de4ca5f139209521?s=96&amp;d=mm&amp;r=g\"},{\"@type\":\"BreadcrumbList\",\"@id\":\"https:\/\/aguaattiva.com.br\/minha-conta\/#breadcrumb\",\"itemListElement\":[{\"@type\":\"ListItem\",\"position\":1,\"name\":\"In\u00edcio\",\"item\":\"https:\/\/aguaattiva.com.br\/pt_br\/\"},{\"@type\":\"ListItem\",\"position\":2,\"name\":\"Minha conta\"}]},{\"@type\":\"WebSite\",\"@id\":\"https:\/\/aguaattiva.com.br\/#website\",\"url\":\"https:\/\/aguaattiva.com.br\/\",\"name\":\"Agua Mineral Natural Attiva\",\"description\":\"\u00c1gua Mineral Attiva \u00e9 sin\u00f4nimo de pureza, qualidade e compromisso com a sa\u00fade e bem-estar dos nossos consumidores. Extra\u00edda de fontes cuidadosamente protegidas, nossa \u00e1gua passa por rigorosos controles de qualidade para garantir um produto leve, refrescante e naturalmente equilibrado em sais minerais.  Atuamos no mercado com responsabilidade ambiental e excel\u00eancia em cada etapa da produ\u00e7\u00e3o e distribui\u00e7\u00e3o. Oferecemos uma linha completa para atender diferentes necessidades: 510ml, 1500ml, 5L e 20L, ideal para o dia a dia, empresas, eventos e estabelecimentos comerciais.  Nossa miss\u00e3o \u00e9 levar hidrata\u00e7\u00e3o de qualidade a todos os lares, com respeito \u00e0 natureza e dedica\u00e7\u00e3o ao cliente. Acreditamos que cuidar da sua sa\u00fade come\u00e7a com uma escolha simples: beber bem, beber Attiva.\",\"publisher\":{\"@id\":\"https:\/\/aguaattiva.com.br\/#organization\"},\"alternateName\":\"Agua Attiva\",\"potentialAction\":[{\"@type\":\"SearchAction\",\"target\":{\"@type\":\"EntryPoint\",\"urlTemplate\":\"https:\/\/aguaattiva.com.br\/?s={search_term_string}\"},\"query-input\":{\"@type\":\"PropertyValueSpecification\",\"valueRequired\":true,\"valueName\":\"search_term_string\"}}],\"inLanguage\":\"ar\"},{\"@type\":\"Organization\",\"@id\":\"https:\/\/aguaattiva.com.br\/#organization\",\"name\":\"Grupo Attiva\",\"url\":\"https:\/\/aguaattiva.com.br\/\",\"logo\":{\"@type\":\"ImageObject\",\"inLanguage\":\"ar\",\"@id\":\"https:\/\/aguaattiva.com.br\/#\/schema\/logo\/image\/\",\"url\":\"https:\/\/aguaattiva.com.br\/wp-content\/uploads\/2023\/09\/agua_attiva-400-e1694737808635.png\",\"contentUrl\":\"https:\/\/aguaattiva.com.br\/wp-content\/uploads\/2023\/09\/agua_attiva-400-e1694737808635.png\",\"width\":400,\"height\":400,\"caption\":\"Grupo Attiva\"},\"image\":{\"@id\":\"https:\/\/aguaattiva.com.br\/#\/schema\/logo\/image\/\"},\"sameAs\":[\"https:\/\/www.facebook.com\/AguaAttiva\",\"https:\/\/www.instagram.com\/aguaattiva\/\"]}]}<\/script>\n<!-- \/ Yoast SEO Premium plugin. -->","yoast_head_json":{"title":"Minha conta - aguaattiva.com.br","robots":{"index":"index","follow":"follow","max-snippet":"max-snippet:-1","max-image-preview":"max-image-preview:large","max-video-preview":"max-video-preview:-1"},"canonical":"https:\/\/aguaattiva.com.br\/ar\/minha-conta\/","og_locale":"ar_AR","og_type":"article","og_title":"Minha conta","og_description":"Usu\u00e1rio DashboardAdicionar NovoUsu\u00e1rio aguaattiva.com.br Painel Pedidos Downloads Endere\u00e7os Detalhes da conta Log out Ol\u00e1, aguaattiva.com.br (n\u00e3o \u00e9 aguaattiva.com.br? Sair) A partir do painel de controle de sua conta, voc\u00ea pode ver suas compras recentes, gerenciar seus endere\u00e7os de entrega e faturamento, e editar sua senha e detalhes da conta.","og_url":"https:\/\/aguaattiva.com.br\/ar\/minha-conta\/","og_site_name":"aguaattiva.com.br","article_publisher":"https:\/\/www.facebook.com\/AguaAttiva","article_modified_time":"2024-07-04T21:28:12+00:00","og_image":[{"url":"https:\/\/secure.gravatar.com\/avatar\/6d53c1bf68023d95de4ca5f139209521?s=96&amp;d=mm&amp;r=g","type":"","width":"","height":""}],"twitter_card":"summary_large_image","schema":{"@context":"https:\/\/schema.org","@graph":[{"@type":"WebPage","@id":"https:\/\/aguaattiva.com.br\/minha-conta\/","url":"https:\/\/aguaattiva.com.br\/minha-conta\/","name":"Minha conta - aguaattiva.com.br","isPartOf":{"@id":"https:\/\/aguaattiva.com.br\/#website"},"primaryImageOfPage":{"@id":"https:\/\/aguaattiva.com.br\/minha-conta\/#primaryimage"},"image":{"@id":"https:\/\/aguaattiva.com.br\/minha-conta\/#primaryimage"},"thumbnailUrl":"https:\/\/secure.gravatar.com\/avatar\/6d53c1bf68023d95de4ca5f139209521?s=96&amp;d=mm&amp;r=g","datePublished":"2024-06-11T21:57:35+00:00","dateModified":"2024-07-04T21:28:12+00:00","breadcrumb":{"@id":"https:\/\/aguaattiva.com.br\/minha-conta\/#breadcrumb"},"inLanguage":"ar","potentialAction":[{"@type":"ReadAction","target":["https:\/\/aguaattiva.com.br\/minha-conta\/"]}]},{"@type":"ImageObject","inLanguage":"ar","@id":"https:\/\/aguaattiva.com.br\/minha-conta\/#primaryimage","url":"https:\/\/secure.gravatar.com\/avatar\/6d53c1bf68023d95de4ca5f139209521?s=96&amp;d=mm&amp;r=g","contentUrl":"https:\/\/secure.gravatar.com\/avatar\/6d53c1bf68023d95de4ca5f139209521?s=96&amp;d=mm&amp;r=g"},{"@type":"BreadcrumbList","@id":"https:\/\/aguaattiva.com.br\/minha-conta\/#breadcrumb","itemListElement":[{"@type":"ListItem","position":1,"name":"In\u00edcio","item":"https:\/\/aguaattiva.com.br\/pt_br\/"},{"@type":"ListItem","position":2,"name":"Minha conta"}]},{"@type":"WebSite","@id":"https:\/\/aguaattiva.com.br\/#website","url":"https:\/\/aguaattiva.com.br\/","name":"Agua Mineral Natural Attiva","description":"\u00c1gua Mineral Attiva \u00e9 sin\u00f4nimo de pureza, qualidade e compromisso com a sa\u00fade e bem-estar dos nossos consumidores. Extra\u00edda de fontes cuidadosamente protegidas, nossa \u00e1gua passa por rigorosos controles de qualidade para garantir um produto leve, refrescante e naturalmente equilibrado em sais minerais.  Atuamos no mercado com responsabilidade ambiental e excel\u00eancia em cada etapa da produ\u00e7\u00e3o e distribui\u00e7\u00e3o. Oferecemos uma linha completa para atender diferentes necessidades: 510ml, 1500ml, 5L e 20L, ideal para o dia a dia, empresas, eventos e estabelecimentos comerciais.  Nossa miss\u00e3o \u00e9 levar hidrata\u00e7\u00e3o de qualidade a todos os lares, com respeito \u00e0 natureza e dedica\u00e7\u00e3o ao cliente. Acreditamos que cuidar da sua sa\u00fade come\u00e7a com uma escolha simples: beber bem, beber Attiva.","publisher":{"@id":"https:\/\/aguaattiva.com.br\/#organization"},"alternateName":"Agua Attiva","potentialAction":[{"@type":"SearchAction","target":{"@type":"EntryPoint","urlTemplate":"https:\/\/aguaattiva.com.br\/?s={search_term_string}"},"query-input":{"@type":"PropertyValueSpecification","valueRequired":true,"valueName":"search_term_string"}}],"inLanguage":"ar"},{"@type":"Organization","@id":"https:\/\/aguaattiva.com.br\/#organization","name":"\u0645\u062c\u0645\u0648\u0639\u0629 Attiva","url":"https:\/\/aguaattiva.com.br\/","logo":{"@type":"ImageObject","inLanguage":"ar","@id":"https:\/\/aguaattiva.com.br\/#\/schema\/logo\/image\/","url":"https:\/\/aguaattiva.com.br\/wp-content\/uploads\/2023\/09\/agua_attiva-400-e1694737808635.png","contentUrl":"https:\/\/aguaattiva.com.br\/wp-content\/uploads\/2023\/09\/agua_attiva-400-e1694737808635.png","width":400,"height":400,"caption":"Grupo Attiva"},"image":{"@id":"https:\/\/aguaattiva.com.br\/#\/schema\/logo\/image\/"},"sameAs":["https:\/\/www.facebook.com\/AguaAttiva","https:\/\/www.instagram.com\/aguaattiva\/"]}]}},"_links":{"self":[{"href":"https:\/\/aguaattiva.com.br\/ar\/wp-json\/wp\/v2\/pages\/1917","targetHints":{"allow":["GET"]}}],"collection":[{"href":"https:\/\/aguaattiva.com.br\/ar\/wp-json\/wp\/v2\/pages"}],"about":[{"href":"https:\/\/aguaattiva.com.br\/ar\/wp-json\/wp\/v2\/types\/page"}],"author":[{"embeddable":true,"href":"https:\/\/aguaattiva.com.br\/ar\/wp-json\/wp\/v2\/users\/1"}],"replies":[{"embeddable":true,"href":"https:\/\/aguaattiva.com.br\/ar\/wp-json\/wp\/v2\/comments?post=1917"}],"version-history":[{"count":54,"href":"https:\/\/aguaattiva.com.br\/ar\/wp-json\/wp\/v2\/pages\/1917\/revisions"}],"predecessor-version":[{"id":2868,"href":"https:\/\/aguaattiva.com.br\/ar\/wp-json\/wp\/v2\/pages\/1917\/revisions\/2868"}],"wp:attachment":[{"href":"https:\/\/aguaattiva.com.br\/ar\/wp-json\/wp\/v2\/media?parent=1917"}],"curies":[{"name":"wp","href":"https:\/\/api.w.org\/{rel}","templated":true}]}}