{"id":3349,"date":"2024-10-18T11:13:22","date_gmt":"2024-10-18T14:13:22","guid":{"rendered":"https:\/\/aguaattiva.com.br\/?page_id=3349"},"modified":"2024-10-28T17:23:41","modified_gmt":"2024-10-28T20:23:41","slug":"exportacao","status":"publish","type":"page","link":"https:\/\/aguaattiva.com.br\/en_za\/exportacao\/","title":{"rendered":"Exporta\u00e7\u00e3o"},"content":{"rendered":"\t\t<div data-elementor-type=\"wp-page\" data-elementor-id=\"3349\" class=\"elementor elementor-3349\" data-elementor-post-type=\"page\">\n\t\t\t\t<div class=\"elementor-element elementor-element-9edc92f e-flex e-con-boxed wpr-particle-no wpr-jarallax-no wpr-parallax-no wpr-sticky-section-no e-con e-parent\" data-id=\"9edc92f\" data-element_type=\"container\" data-settings=\"{&quot;background_background&quot;:&quot;gradient&quot;}\">\n\t\t\t\t\t<div class=\"e-con-inner\">\n\t\t<div class=\"elementor-element elementor-element-f75e337 e-flex e-con-boxed wpr-particle-no wpr-jarallax-no wpr-parallax-no wpr-sticky-section-no e-con e-child\" data-id=\"f75e337\" data-element_type=\"container\" data-settings=\"{&quot;background_background&quot;:&quot;classic&quot;}\">\n\t\t\t\t\t<div class=\"e-con-inner\">\n\t\t\t\t<div class=\"elementor-element elementor-element-67d2029 elementor-widget elementor-widget-heading\" data-id=\"67d2029\" data-element_type=\"widget\" data-widget_type=\"heading.default\">\n\t\t\t\t<div class=\"elementor-widget-container\">\n\t\t\t\t\t<h2 class=\"elementor-heading-title elementor-size-default\">Seja Representante ou Distribuidor!<\/h2>\t\t\t\t<\/div>\n\t\t\t\t<\/div>\n\t\t<div class=\"elementor-element elementor-element-59a5810 e-con-full e-flex wpr-particle-no wpr-jarallax-no wpr-parallax-no wpr-sticky-section-no e-con e-child\" data-id=\"59a5810\" data-element_type=\"container\">\n\t\t\t\t<div class=\"elementor-element elementor-element-fb54056 elementor-widget elementor-widget-text-editor\" data-id=\"fb54056\" data-element_type=\"widget\" data-widget_type=\"text-editor.default\">\n\t\t\t\t<div class=\"elementor-widget-container\">\n\t\t\t\t\t\t\t\t\t<p style=\"text-align: center;\">Estamos \u00e0 procura de representantes e distribuidores especializados em \u00e1gua mineral, sucos e bebidas alco\u00f3licas, incluindo Gin, Vodka, Pinga (Cacha\u00e7a), Energy Drinks e Ice.<\/p>\t\t\t\t\t\t\t\t<\/div>\n\t\t\t\t<\/div>\n\t\t\t\t<\/div>\n\t\t\t\t\t<\/div>\n\t\t\t\t<\/div>\n\t\t<div class=\"elementor-element elementor-element-cdde413 e-flex e-con-boxed wpr-particle-no wpr-jarallax-no wpr-parallax-no wpr-sticky-section-no e-con e-child\" data-id=\"cdde413\" data-element_type=\"container\">\n\t\t\t\t\t<div class=\"e-con-inner\">\n\t\t<div class=\"elementor-element elementor-element-c81c203 e-con-full e-flex wpr-particle-no wpr-jarallax-no wpr-parallax-no wpr-sticky-section-no elementor-invisible e-con e-child\" data-id=\"c81c203\" data-element_type=\"container\" data-settings=\"{&quot;background_background&quot;:&quot;classic&quot;,&quot;animation&quot;:&quot;fadeIn&quot;}\">\n\t\t\t\t<div class=\"elementor-element elementor-element-f17b374 elementor-widget elementor-widget-heading\" data-id=\"f17b374\" data-element_type=\"widget\" data-widget_type=\"heading.default\">\n\t\t\t\t<div class=\"elementor-widget-container\">\n\t\t\t\t\t<h2 class=\"elementor-heading-title elementor-size-default\">CADASTRO<\/h2>\t\t\t\t<\/div>\n\t\t\t\t<\/div>\n\t\t\t\t<div class=\"elementor-element elementor-element-54d46bd elementor-button-align-stretch elementor-widget elementor-widget-form\" data-id=\"54d46bd\" data-element_type=\"widget\" data-settings=\"{&quot;step_next_label&quot;:&quot;Next&quot;,&quot;step_previous_label&quot;:&quot;Previous&quot;,&quot;button_width&quot;:&quot;100&quot;,&quot;step_type&quot;:&quot;number_text&quot;,&quot;step_icon_shape&quot;:&quot;circle&quot;}\" data-widget_type=\"form.default\">\n\t\t\t\t<div class=\"elementor-widget-container\">\n\t\t\t\t\t\t\t<form class=\"elementor-form\" method=\"post\" id=\"contato_form_enviar_exportcao\" name=\"New Form\" aria-label=\"New Form\">\n\t\t\t<input type=\"hidden\" name=\"post_id\" value=\"3349\"\/>\n\t\t\t<input type=\"hidden\" name=\"form_id\" value=\"54d46bd\"\/>\n\t\t\t<input type=\"hidden\" name=\"referer_title\" value=\"Exporta\u00e7\u00e3o - aguaattiva.com.br\" \/>\n\n\t\t\t\t\t\t\t<input type=\"hidden\" name=\"queried_id\" value=\"3349\"\/>\n\t\t\t\n\t\t\t<div class=\"elementor-form-fields-wrapper elementor-labels-above\">\n\t\t\t\t\t\t\t\t<div class=\"elementor-field-type-text elementor-field-group elementor-column elementor-field-group-nome elementor-col-50\">\n\t\t\t\t\t\t\t\t\t\t\t\t<label for=\"form-field-nome\" class=\"elementor-field-label\">\n\t\t\t\t\t\t\t\tNome\t\t\t\t\t\t\t<\/label>\n\t\t\t\t\t\t\t\t\t\t\t\t\t\t<input size=\"1\" type=\"text\" name=\"form_fields[nome]\" id=\"form-field-nome\" class=\"elementor-field elementor-size-md  elementor-field-textual\" placeholder=\"Nome\">\n\t\t\t\t\t\t\t\t\t\t\t<\/div>\n\t\t\t\t\t\t\t\t<div class=\"elementor-field-type-text elementor-field-group elementor-column elementor-field-group-telefone elementor-col-50\">\n\t\t\t\t\t\t\t\t\t\t\t\t<label for=\"form-field-telefone\" class=\"elementor-field-label\">\n\t\t\t\t\t\t\t\tTelefone\t\t\t\t\t\t\t<\/label>\n\t\t\t\t\t\t\t\t\t\t\t\t\t\t<input size=\"1\" type=\"text\" name=\"form_fields[telefone]\" id=\"form-field-telefone\" class=\"elementor-field elementor-size-md  elementor-field-textual\" placeholder=\"Telefone\">\n\t\t\t\t\t\t\t\t\t\t\t<\/div>\n\t\t\t\t\t\t\t\t<div class=\"elementor-field-type-text elementor-field-group elementor-column elementor-field-group-Empresa elementor-col-50\">\n\t\t\t\t\t\t\t\t\t\t\t\t<label for=\"form-field-Empresa\" class=\"elementor-field-label\">\n\t\t\t\t\t\t\t\tEmpresa\t\t\t\t\t\t\t<\/label>\n\t\t\t\t\t\t\t\t\t\t\t\t\t\t<input size=\"1\" type=\"text\" name=\"form_fields[Empresa]\" id=\"form-field-Empresa\" class=\"elementor-field elementor-size-md  elementor-field-textual\" placeholder=\"Empresa\">\n\t\t\t\t\t\t\t\t\t\t\t<\/div>\n\t\t\t\t\t\t\t\t<div class=\"elementor-field-type-text elementor-field-group elementor-column elementor-field-group-Cargo elementor-col-50\">\n\t\t\t\t\t\t\t\t\t\t\t\t<label for=\"form-field-Cargo\" class=\"elementor-field-label\">\n\t\t\t\t\t\t\t\tCargo\t\t\t\t\t\t\t<\/label>\n\t\t\t\t\t\t\t\t\t\t\t\t\t\t<input size=\"1\" type=\"text\" name=\"form_fields[Cargo]\" id=\"form-field-Cargo\" class=\"elementor-field elementor-size-md  elementor-field-textual\" placeholder=\"Cargo\">\n\t\t\t\t\t\t\t\t\t\t\t<\/div>\n\t\t\t\t\t\t\t\t<div class=\"elementor-field-type-email elementor-field-group elementor-column elementor-field-group-email elementor-col-100 elementor-field-required\">\n\t\t\t\t\t\t\t\t\t\t\t\t<label for=\"form-field-email\" class=\"elementor-field-label\">\n\t\t\t\t\t\t\t\tEmail\t\t\t\t\t\t\t<\/label>\n\t\t\t\t\t\t\t\t\t\t\t\t\t\t<input size=\"1\" type=\"email\" name=\"form_fields[email]\" id=\"form-field-email\" class=\"elementor-field elementor-size-md  elementor-field-textual\" placeholder=\"Email\" required=\"required\">\n\t\t\t\t\t\t\t\t\t\t\t<\/div>\n\t\t\t\t\t\t\t\t<div class=\"elementor-field-type-text elementor-field-group elementor-column elementor-field-group-cidade elementor-col-100\">\n\t\t\t\t\t\t\t\t\t\t\t\t<label for=\"form-field-cidade\" class=\"elementor-field-label\">\n\t\t\t\t\t\t\t\tPa\u00eds de atua\u00e7\u00e3o\t\t\t\t\t\t\t<\/label>\n\t\t\t\t\t\t\t\t\t\t\t\t\t\t<input size=\"1\" type=\"text\" name=\"form_fields[cidade]\" id=\"form-field-cidade\" class=\"elementor-field elementor-size-md  elementor-field-textual\" placeholder=\"Pa\u00eds de atua\u00e7\u00e3o\">\n\t\t\t\t\t\t\t\t\t\t\t<\/div>\n\t\t\t\t\t\t\t\t<div class=\"elementor-field-type-select elementor-field-group elementor-column elementor-field-group-departamento elementor-col-100 elementor-field-required\">\n\t\t\t\t\t\t\t\t\t\t\t\t<label for=\"form-field-departamento\" class=\"elementor-field-label\">\n\t\t\t\t\t\t\t\tDepartamento\t\t\t\t\t\t\t<\/label>\n\t\t\t\t\t\t\t\t<div class=\"elementor-field elementor-select-wrapper remove-before \">\n\t\t\t<div class=\"select-caret-down-wrapper\">\n\t\t\t\t<i aria-hidden=\"true\" class=\"eicon-caret-down\"><\/i>\t\t\t<\/div>\n\t\t\t<select name=\"form_fields[departamento]\" id=\"form-field-departamento\" class=\"elementor-field-textual elementor-size-md\" required=\"required\">\n\t\t\t\t\t\t\t\t\t<option value=\" exportdirector1@aguaattiva.com.br\">AM\u00c9RICA DO SUL <\/option>\n\t\t\t\t\t\t\t\t\t<option value=\" exportdirector1@aguaattiva.com.br\">AM\u00c9RICA DO NORTE <\/option>\n\t\t\t\t\t\t\t\t\t<option value=\" exportdirector1@aguaattiva.com.br\">EUROPA <\/option>\n\t\t\t\t\t\t\t\t\t<option value=\" exportdirector1@aguaattiva.com.br\">\u00c1FRICA <\/option>\n\t\t\t\t\t\t\t\t\t<option value=\" exportdirector1@aguaattiva.com.br\">\u00c1SIA <\/option>\n\t\t\t\t\t\t\t\t\t<option value=\"\"><\/option>\n\t\t\t\t\t\t\t<\/select>\n\t\t<\/div>\n\t\t\t\t\t\t<\/div>\n\t\t\t\t\t\t\t\t<div class=\"elementor-field-type-textarea elementor-field-group elementor-column elementor-field-group-menssagem elementor-col-100\">\n\t\t\t\t\t\t\t\t\t\t\t\t<label for=\"form-field-menssagem\" class=\"elementor-field-label\">\n\t\t\t\t\t\t\t\tMensagem\t\t\t\t\t\t\t<\/label>\n\t\t\t\t\t\t<textarea class=\"elementor-field-textual elementor-field  elementor-size-md\" name=\"form_fields[menssagem]\" id=\"form-field-menssagem\" rows=\"4\" placeholder=\"Mensagem\"><\/textarea>\t\t\t\t<\/div>\n\t\t\t\t\t\t\t\t<div class=\"elementor-field-type-recaptcha elementor-field-group elementor-column elementor-field-group-field_baad080 elementor-col-100\">\n\t\t\t\t\t<div class=\"elementor-field\" id=\"form-field-field_baad080\"><div class=\"elementor-g-recaptcha\" data-sitekey=\"6Ldn9FQqAAAAACyuzyV33XXxSJUR2EEqlwehUesa\" data-type=\"v2_checkbox\" data-theme=\"light\" data-size=\"normal\"><\/div><\/div>\t\t\t\t<\/div>\n\t\t\t\t\t\t\t\t<div class=\"elementor-field-group elementor-column elementor-field-type-submit elementor-col-100 e-form__buttons\">\n\t\t\t\t\t<button class=\"elementor-button elementor-size-md\" type=\"submit\">\n\t\t\t\t\t\t<span class=\"elementor-button-content-wrapper\">\n\t\t\t\t\t\t\t\t\t\t\t\t\t\t\t\t\t\t\t\t\t\t<span class=\"elementor-button-text\">Enviar<\/span>\n\t\t\t\t\t\t\t\t\t\t\t\t\t<\/span>\n\t\t\t\t\t<\/button>\n\t\t\t\t<\/div>\n\t\t\t<\/div>\n\t\t<\/form>\n\t\t\t\t\t\t<\/div>\n\t\t\t\t<\/div>\n\t\t\t\t<div class=\"elementor-element elementor-element-c5d5b72 elementor-widget elementor-widget-html\" data-id=\"c5d5b72\" data-element_type=\"widget\" data-widget_type=\"html.default\">\n\t\t\t\t<div class=\"elementor-widget-container\">\n\t\t\t\t\t\r\n\t\t\t\t<\/div>\n\t\t\t\t<\/div>\n\t\t\t\t<\/div>\n\t\t<div class=\"elementor-element elementor-element-326e2b5 e-con-full e-flex wpr-particle-no wpr-jarallax-no wpr-parallax-no wpr-sticky-section-no elementor-invisible e-con e-child\" data-id=\"326e2b5\" data-element_type=\"container\" data-settings=\"{&quot;background_background&quot;:&quot;classic&quot;,&quot;animation&quot;:&quot;fadeIn&quot;}\">\n\t\t\t\t<div class=\"elementor-element elementor-element-aa9f340 elementor-widget elementor-widget-shortcode\" data-id=\"aa9f340\" data-element_type=\"widget\" data-widget_type=\"shortcode.default\">\n\t\t\t\t<div class=\"elementor-widget-container\">\n\t\t\t\t\t\t\t<div class=\"elementor-shortcode\"><div class=\"map_wrapper\" id=\"map_wrapper_3355\">\n<div class=\"map_box\" style=\"max-width:2000px\">\n<div class=\"map_aspect_ratio\" style=\"padding-top:59%\" data-padding-top=\"59%\" data-padding-top-mobile=\"0%\">\n<div class=\"map_container\">\n<div class=\"map_render map_loading\" id=\"map_3355\"><\/div>\n<\/div>\n<\/div>\n<\/div>\n<\/div><\/div>\n\t\t\t\t\t\t<\/div>\n\t\t\t\t<\/div>\n\t\t\t\t<div class=\"elementor-element elementor-element-ac429dc elementor-widget elementor-widget-google_maps\" data-id=\"ac429dc\" data-element_type=\"widget\" data-widget_type=\"google_maps.default\">\n\t\t\t\t<div class=\"elementor-widget-container\">\n\t\t\t\t\t\t\t<div class=\"elementor-custom-embed\">\n\t\t\t<iframe loading=\"lazy\"\n\t\t\t\t\tsrc=\"https:\/\/maps.google.com\/maps?q=%C3%81gua%20Mineral%20Attiva&#038;t=m&#038;z=14&#038;output=embed&#038;iwloc=near\"\n\t\t\t\t\ttitle=\"\u00c1gua Mineral Attiva\"\n\t\t\t\t\taria-label=\"\u00c1gua Mineral Attiva\"\n\t\t\t><\/iframe>\n\t\t<\/div>\n\t\t\t\t\t\t<\/div>\n\t\t\t\t<\/div>\n\t\t\t\t<div class=\"elementor-element elementor-element-d8d6b7e elementor-widget__width-initial elementor-widget elementor-widget-html\" data-id=\"d8d6b7e\" data-element_type=\"widget\" data-widget_type=\"html.default\">\n\t\t\t\t<div class=\"elementor-widget-container\">\n\t\t\t\t\t<script async src=\"https:\/\/pagead2.googlesyndication.com\/pagead\/js\/adsbygoogle.js?client=ca-pub-3774556483627086\"\n     crossorigin=\"anonymous\"><\/script>\n<ins class=\"adsbygoogle\"\n     style=\"display:block; text-align:center;\"\n     data-ad-layout=\"in-article\"\n     data-ad-format=\"fluid\"\n     data-ad-client=\"ca-pub-3774556483627086\"\n     data-ad-slot=\"8359810165\"><\/ins>\n<script>\n     (adsbygoogle = window.adsbygoogle || []).push({});\n<\/script>\t\t\t\t<\/div>\n\t\t\t\t<\/div>\n\t\t\t\t<\/div>\n\t\t\t\t\t<\/div>\n\t\t\t\t<\/div>\n\t\t<div class=\"elementor-element elementor-element-bbcaaf5 e-flex e-con-boxed wpr-particle-no wpr-jarallax-no wpr-parallax-no wpr-sticky-section-no e-con e-child\" data-id=\"bbcaaf5\" data-element_type=\"container\">\n\t\t\t\t\t<div class=\"e-con-inner\">\n\t\t<div class=\"elementor-element elementor-element-d9a22e7 e-flex e-con-boxed wpr-particle-no wpr-jarallax-no wpr-parallax-no wpr-sticky-section-no e-con e-child\" data-id=\"d9a22e7\" data-element_type=\"container\">\n\t\t\t\t\t<div class=\"e-con-inner\">\n\t\t\t\t\t<\/div>\n\t\t\t\t<\/div>\n\t\t\t\t\t<\/div>\n\t\t\t\t<\/div>\n\t\t\t\t\t<\/div>\n\t\t\t\t<\/div>\n\t\t\t\t<\/div>\n\t\t","protected":false},"excerpt":{"rendered":"<p>Seja Representante ou Distribuidor! Estamos \u00e0 procura de representantes e distribuidores especializados em \u00e1gua mineral, sucos e bebidas alco\u00f3licas, incluindo Gin, Vodka, Pinga (Cacha\u00e7a), Energy Drinks e Ice. CADASTRO<\/p>","protected":false},"author":1,"featured_media":0,"parent":0,"menu_order":0,"comment_status":"closed","ping_status":"closed","template":"elementor_header_footer","meta":{"footnotes":""},"class_list":["post-3349","page","type-page","status-publish","hentry"],"yoast_head":"<!-- This site is optimized with the Yoast SEO Premium plugin v21.4 (Yoast SEO v27.2) - https:\/\/yoast.com\/product\/yoast-seo-premium-wordpress\/ -->\n<title>Exporta\u00e7\u00e3o - aguaattiva.com.br<\/title>\n<meta name=\"robots\" content=\"index, follow, max-snippet:-1, max-image-preview:large, max-video-preview:-1\" \/>\n<link rel=\"canonical\" href=\"https:\/\/aguaattiva.com.br\/en_za\/exportacao\/\" \/>\n<meta property=\"og:locale\" content=\"en_US\" \/>\n<meta property=\"og:type\" content=\"article\" \/>\n<meta property=\"og:title\" content=\"Exporta\u00e7\u00e3o\" \/>\n<meta property=\"og:description\" content=\"Seja Representante ou Distribuidor! Estamos \u00e0 procura de representantes e distribuidores especializados em \u00e1gua mineral, sucos e bebidas alco\u00f3licas, incluindo Gin, Vodka, Pinga (Cacha\u00e7a), Energy Drinks e Ice. CADASTRO\" \/>\n<meta property=\"og:url\" content=\"https:\/\/aguaattiva.com.br\/en_za\/exportacao\/\" \/>\n<meta property=\"og:site_name\" content=\"aguaattiva.com.br\" \/>\n<meta property=\"article:publisher\" content=\"https:\/\/www.facebook.com\/AguaAttiva\" \/>\n<meta property=\"article:modified_time\" content=\"2024-10-28T20:23:41+00:00\" \/>\n<meta name=\"twitter:card\" content=\"summary_large_image\" \/>\n<meta name=\"twitter:label1\" content=\"Est. reading time\" \/>\n\t<meta name=\"twitter:data1\" content=\"1 minute\" \/>\n<script type=\"application\/ld+json\" class=\"yoast-schema-graph\">{\"@context\":\"https:\/\/schema.org\",\"@graph\":[{\"@type\":\"WebPage\",\"@id\":\"https:\/\/aguaattiva.com.br\/exportacao\/\",\"url\":\"https:\/\/aguaattiva.com.br\/exportacao\/\",\"name\":\"Exporta\u00e7\u00e3o - aguaattiva.com.br\",\"isPartOf\":{\"@id\":\"https:\/\/aguaattiva.com.br\/#website\"},\"datePublished\":\"2024-10-18T14:13:22+00:00\",\"dateModified\":\"2024-10-28T20:23:41+00:00\",\"breadcrumb\":{\"@id\":\"https:\/\/aguaattiva.com.br\/exportacao\/#breadcrumb\"},\"inLanguage\":\"en-ZA\",\"potentialAction\":[{\"@type\":\"ReadAction\",\"target\":[\"https:\/\/aguaattiva.com.br\/exportacao\/\"]}]},{\"@type\":\"BreadcrumbList\",\"@id\":\"https:\/\/aguaattiva.com.br\/exportacao\/#breadcrumb\",\"itemListElement\":[{\"@type\":\"ListItem\",\"position\":1,\"name\":\"In\u00edcio\",\"item\":\"https:\/\/aguaattiva.com.br\/pt_br\/\"},{\"@type\":\"ListItem\",\"position\":2,\"name\":\"Exporta\u00e7\u00e3o\"}]},{\"@type\":\"WebSite\",\"@id\":\"https:\/\/aguaattiva.com.br\/#website\",\"url\":\"https:\/\/aguaattiva.com.br\/\",\"name\":\"Agua Mineral Natural Attiva\",\"description\":\"\u00c1gua Mineral Attiva \u00e9 sin\u00f4nimo de pureza, qualidade e compromisso com a sa\u00fade e bem-estar dos nossos consumidores. Extra\u00edda de fontes cuidadosamente protegidas, nossa \u00e1gua passa por rigorosos controles de qualidade para garantir um produto leve, refrescante e naturalmente equilibrado em sais minerais.  Atuamos no mercado com responsabilidade ambiental e excel\u00eancia em cada etapa da produ\u00e7\u00e3o e distribui\u00e7\u00e3o. Oferecemos uma linha completa para atender diferentes necessidades: 510ml, 1500ml, 5L e 20L, ideal para o dia a dia, empresas, eventos e estabelecimentos comerciais.  Nossa miss\u00e3o \u00e9 levar hidrata\u00e7\u00e3o de qualidade a todos os lares, com respeito \u00e0 natureza e dedica\u00e7\u00e3o ao cliente. Acreditamos que cuidar da sua sa\u00fade come\u00e7a com uma escolha simples: beber bem, beber Attiva.\",\"publisher\":{\"@id\":\"https:\/\/aguaattiva.com.br\/#organization\"},\"alternateName\":\"Agua Attiva\",\"potentialAction\":[{\"@type\":\"SearchAction\",\"target\":{\"@type\":\"EntryPoint\",\"urlTemplate\":\"https:\/\/aguaattiva.com.br\/?s={search_term_string}\"},\"query-input\":{\"@type\":\"PropertyValueSpecification\",\"valueRequired\":true,\"valueName\":\"search_term_string\"}}],\"inLanguage\":\"en-ZA\"},{\"@type\":\"Organization\",\"@id\":\"https:\/\/aguaattiva.com.br\/#organization\",\"name\":\"Grupo Attiva\",\"url\":\"https:\/\/aguaattiva.com.br\/\",\"logo\":{\"@type\":\"ImageObject\",\"inLanguage\":\"en-ZA\",\"@id\":\"https:\/\/aguaattiva.com.br\/#\/schema\/logo\/image\/\",\"url\":\"https:\/\/aguaattiva.com.br\/wp-content\/uploads\/2023\/09\/agua_attiva-400-e1694737808635.png\",\"contentUrl\":\"https:\/\/aguaattiva.com.br\/wp-content\/uploads\/2023\/09\/agua_attiva-400-e1694737808635.png\",\"width\":400,\"height\":400,\"caption\":\"Grupo Attiva\"},\"image\":{\"@id\":\"https:\/\/aguaattiva.com.br\/#\/schema\/logo\/image\/\"},\"sameAs\":[\"https:\/\/www.facebook.com\/AguaAttiva\",\"https:\/\/www.instagram.com\/aguaattiva\/\"]}]}<\/script>\n<!-- \/ Yoast SEO Premium plugin. -->","yoast_head_json":{"title":"Exporta\u00e7\u00e3o - aguaattiva.com.br","robots":{"index":"index","follow":"follow","max-snippet":"max-snippet:-1","max-image-preview":"max-image-preview:large","max-video-preview":"max-video-preview:-1"},"canonical":"https:\/\/aguaattiva.com.br\/en_za\/exportacao\/","og_locale":"en_US","og_type":"article","og_title":"Exporta\u00e7\u00e3o","og_description":"Seja Representante ou Distribuidor! Estamos \u00e0 procura de representantes e distribuidores especializados em \u00e1gua mineral, sucos e bebidas alco\u00f3licas, incluindo Gin, Vodka, Pinga (Cacha\u00e7a), Energy Drinks e Ice. CADASTRO","og_url":"https:\/\/aguaattiva.com.br\/en_za\/exportacao\/","og_site_name":"aguaattiva.com.br","article_publisher":"https:\/\/www.facebook.com\/AguaAttiva","article_modified_time":"2024-10-28T20:23:41+00:00","twitter_card":"summary_large_image","twitter_misc":{"Est. reading time":"1 minute"},"schema":{"@context":"https:\/\/schema.org","@graph":[{"@type":"WebPage","@id":"https:\/\/aguaattiva.com.br\/exportacao\/","url":"https:\/\/aguaattiva.com.br\/exportacao\/","name":"Exporta\u00e7\u00e3o - aguaattiva.com.br","isPartOf":{"@id":"https:\/\/aguaattiva.com.br\/#website"},"datePublished":"2024-10-18T14:13:22+00:00","dateModified":"2024-10-28T20:23:41+00:00","breadcrumb":{"@id":"https:\/\/aguaattiva.com.br\/exportacao\/#breadcrumb"},"inLanguage":"en-ZA","potentialAction":[{"@type":"ReadAction","target":["https:\/\/aguaattiva.com.br\/exportacao\/"]}]},{"@type":"BreadcrumbList","@id":"https:\/\/aguaattiva.com.br\/exportacao\/#breadcrumb","itemListElement":[{"@type":"ListItem","position":1,"name":"In\u00edcio","item":"https:\/\/aguaattiva.com.br\/pt_br\/"},{"@type":"ListItem","position":2,"name":"Exporta\u00e7\u00e3o"}]},{"@type":"WebSite","@id":"https:\/\/aguaattiva.com.br\/#website","url":"https:\/\/aguaattiva.com.br\/","name":"Agua Mineral Natural Attiva","description":"\u00c1gua Mineral Attiva \u00e9 sin\u00f4nimo de pureza, qualidade e compromisso com a sa\u00fade e bem-estar dos nossos consumidores. Extra\u00edda de fontes cuidadosamente protegidas, nossa \u00e1gua passa por rigorosos controles de qualidade para garantir um produto leve, refrescante e naturalmente equilibrado em sais minerais.  Atuamos no mercado com responsabilidade ambiental e excel\u00eancia em cada etapa da produ\u00e7\u00e3o e distribui\u00e7\u00e3o. Oferecemos uma linha completa para atender diferentes necessidades: 510ml, 1500ml, 5L e 20L, ideal para o dia a dia, empresas, eventos e estabelecimentos comerciais.  Nossa miss\u00e3o \u00e9 levar hidrata\u00e7\u00e3o de qualidade a todos os lares, com respeito \u00e0 natureza e dedica\u00e7\u00e3o ao cliente. Acreditamos que cuidar da sua sa\u00fade come\u00e7a com uma escolha simples: beber bem, beber Attiva.","publisher":{"@id":"https:\/\/aguaattiva.com.br\/#organization"},"alternateName":"Agua Attiva","potentialAction":[{"@type":"SearchAction","target":{"@type":"EntryPoint","urlTemplate":"https:\/\/aguaattiva.com.br\/?s={search_term_string}"},"query-input":{"@type":"PropertyValueSpecification","valueRequired":true,"valueName":"search_term_string"}}],"inLanguage":"en-ZA"},{"@type":"Organization","@id":"https:\/\/aguaattiva.com.br\/#organization","name":"Attiva Group","url":"https:\/\/aguaattiva.com.br\/","logo":{"@type":"ImageObject","inLanguage":"en-ZA","@id":"https:\/\/aguaattiva.com.br\/#\/schema\/logo\/image\/","url":"https:\/\/aguaattiva.com.br\/wp-content\/uploads\/2023\/09\/agua_attiva-400-e1694737808635.png","contentUrl":"https:\/\/aguaattiva.com.br\/wp-content\/uploads\/2023\/09\/agua_attiva-400-e1694737808635.png","width":400,"height":400,"caption":"Grupo Attiva"},"image":{"@id":"https:\/\/aguaattiva.com.br\/#\/schema\/logo\/image\/"},"sameAs":["https:\/\/www.facebook.com\/AguaAttiva","https:\/\/www.instagram.com\/aguaattiva\/"]}]}},"_links":{"self":[{"href":"https:\/\/aguaattiva.com.br\/en_za\/wp-json\/wp\/v2\/pages\/3349","targetHints":{"allow":["GET"]}}],"collection":[{"href":"https:\/\/aguaattiva.com.br\/en_za\/wp-json\/wp\/v2\/pages"}],"about":[{"href":"https:\/\/aguaattiva.com.br\/en_za\/wp-json\/wp\/v2\/types\/page"}],"author":[{"embeddable":true,"href":"https:\/\/aguaattiva.com.br\/en_za\/wp-json\/wp\/v2\/users\/1"}],"replies":[{"embeddable":true,"href":"https:\/\/aguaattiva.com.br\/en_za\/wp-json\/wp\/v2\/comments?post=3349"}],"version-history":[{"count":73,"href":"https:\/\/aguaattiva.com.br\/en_za\/wp-json\/wp\/v2\/pages\/3349\/revisions"}],"predecessor-version":[{"id":3477,"href":"https:\/\/aguaattiva.com.br\/en_za\/wp-json\/wp\/v2\/pages\/3349\/revisions\/3477"}],"wp:attachment":[{"href":"https:\/\/aguaattiva.com.br\/en_za\/wp-json\/wp\/v2\/media?parent=3349"}],"curies":[{"name":"wp","href":"https:\/\/api.w.org\/{rel}","templated":true}]}}