{"id":633,"date":"2023-09-14T20:08:32","date_gmt":"2023-09-14T23:08:32","guid":{"rendered":"https:\/\/aguaattiva.com.br\/?page_id=633"},"modified":"2024-10-17T18:06:47","modified_gmt":"2024-10-17T21:06:47","slug":"contato","status":"publish","type":"page","link":"https:\/\/aguaattiva.com.br\/zh\/contato\/","title":{"rendered":"\u8054\u7cfb\u65b9\u5f0f"},"content":{"rendered":"\t\t<div data-elementor-type=\"wp-page\" data-elementor-id=\"633\" class=\"elementor elementor-633\" data-elementor-post-type=\"page\">\n\t\t\t\t<div class=\"elementor-element elementor-element-9edc92f e-con-full e-flex wpr-particle-no wpr-jarallax-no wpr-parallax-no wpr-sticky-section-no e-con e-parent\" data-id=\"9edc92f\" data-element_type=\"container\" data-settings=\"{&quot;background_background&quot;:&quot;gradient&quot;}\">\n\t\t<div class=\"elementor-element elementor-element-f75e337 e-flex e-con-boxed wpr-particle-no wpr-jarallax-no wpr-parallax-no wpr-sticky-section-no e-con e-child\" data-id=\"f75e337\" data-element_type=\"container\">\n\t\t\t\t\t<div class=\"e-con-inner\">\n\t\t\t\t<div class=\"elementor-element elementor-element-67d2029 elementor-widget elementor-widget-heading\" data-id=\"67d2029\" data-element_type=\"widget\" data-widget_type=\"heading.default\">\n\t\t\t\t<div class=\"elementor-widget-container\">\n\t\t\t\t\t<h2 class=\"elementor-heading-title elementor-size-default\">Contato<\/h2>\t\t\t\t<\/div>\n\t\t\t\t<\/div>\n\t\t\t\t\t<\/div>\n\t\t\t\t<\/div>\n\t\t<div class=\"elementor-element elementor-element-cdde413 e-flex e-con-boxed wpr-particle-no wpr-jarallax-no wpr-parallax-no wpr-sticky-section-no e-con e-child\" data-id=\"cdde413\" data-element_type=\"container\">\n\t\t\t\t\t<div class=\"e-con-inner\">\n\t\t<div class=\"elementor-element elementor-element-c81c203 e-con-full e-flex wpr-particle-no wpr-jarallax-no wpr-parallax-no wpr-sticky-section-no elementor-invisible e-con e-child\" data-id=\"c81c203\" data-element_type=\"container\" data-settings=\"{&quot;background_background&quot;:&quot;classic&quot;,&quot;animation&quot;:&quot;fadeIn&quot;}\">\n\t\t\t\t<div class=\"elementor-element elementor-element-f17b374 elementor-widget elementor-widget-heading\" data-id=\"f17b374\" data-element_type=\"widget\" data-widget_type=\"heading.default\">\n\t\t\t\t<div class=\"elementor-widget-container\">\n\t\t\t\t\t<h2 class=\"elementor-heading-title elementor-size-default\">Fale conosco\n<\/h2>\t\t\t\t<\/div>\n\t\t\t\t<\/div>\n\t\t\t\t<div class=\"elementor-element elementor-element-54d46bd elementor-button-align-stretch elementor-widget elementor-widget-form\" data-id=\"54d46bd\" data-element_type=\"widget\" data-settings=\"{&quot;step_next_label&quot;:&quot;Next&quot;,&quot;step_previous_label&quot;:&quot;Previous&quot;,&quot;button_width&quot;:&quot;100&quot;,&quot;step_type&quot;:&quot;number_text&quot;,&quot;step_icon_shape&quot;:&quot;circle&quot;}\" data-widget_type=\"form.default\">\n\t\t\t\t<div class=\"elementor-widget-container\">\n\t\t\t\t\t\t\t<form class=\"elementor-form\" method=\"post\" id=\"contato_form_enviar\" name=\"New Form\" aria-label=\"New Form\">\n\t\t\t<input type=\"hidden\" name=\"post_id\" value=\"633\"\/>\n\t\t\t<input type=\"hidden\" name=\"form_id\" value=\"54d46bd\"\/>\n\t\t\t<input type=\"hidden\" name=\"referer_title\" value=\"Contato - aguaattiva.com.br\" \/>\n\n\t\t\t\t\t\t\t<input type=\"hidden\" name=\"queried_id\" value=\"633\"\/>\n\t\t\t\n\t\t\t<div class=\"elementor-form-fields-wrapper elementor-labels-above\">\n\t\t\t\t\t\t\t\t<div class=\"elementor-field-type-text elementor-field-group elementor-column elementor-field-group-nome elementor-col-50\">\n\t\t\t\t\t\t\t\t\t\t\t\t<label for=\"form-field-nome\" class=\"elementor-field-label\">\n\t\t\t\t\t\t\t\tNome\t\t\t\t\t\t\t<\/label>\n\t\t\t\t\t\t\t\t\t\t\t\t\t\t<input size=\"1\" type=\"text\" name=\"form_fields[nome]\" id=\"form-field-nome\" class=\"elementor-field elementor-size-md  elementor-field-textual\" placeholder=\"Nome\">\n\t\t\t\t\t\t\t\t\t\t\t<\/div>\n\t\t\t\t\t\t\t\t<div class=\"elementor-field-type-tel elementor-field-group elementor-column elementor-field-group-telefone elementor-col-50\">\n\t\t\t\t\t\t\t\t\t\t\t\t<label for=\"form-field-telefone\" class=\"elementor-field-label\">\n\t\t\t\t\t\t\t\tTelefone\t\t\t\t\t\t\t<\/label>\n\t\t\t\t\t\t\t\t<input size=\"1\" type=\"tel\" name=\"form_fields[telefone]\" id=\"form-field-telefone\" class=\"elementor-field elementor-size-md  elementor-field-textual\" placeholder=\"Telefone\" pattern=\"[0-9()#&amp;+*-=.]+\" title=\"Phone\">\n\n\t\t\t\t\t\t<\/div>\n\t\t\t\t\t\t\t\t<div class=\"elementor-field-type-email elementor-field-group elementor-column elementor-field-group-email elementor-col-100 elementor-field-required\">\n\t\t\t\t\t\t\t\t\t\t\t\t<label for=\"form-field-email\" class=\"elementor-field-label\">\n\t\t\t\t\t\t\t\tEmail\t\t\t\t\t\t\t<\/label>\n\t\t\t\t\t\t\t\t\t\t\t\t\t\t<input size=\"1\" type=\"email\" name=\"form_fields[email]\" id=\"form-field-email\" class=\"elementor-field elementor-size-md  elementor-field-textual\" placeholder=\"Email\" required=\"required\">\n\t\t\t\t\t\t\t\t\t\t\t<\/div>\n\t\t\t\t\t\t\t\t<div class=\"elementor-field-type-text elementor-field-group elementor-column elementor-field-group-cidade elementor-col-100\">\n\t\t\t\t\t\t\t\t\t\t\t\t<label for=\"form-field-cidade\" class=\"elementor-field-label\">\n\t\t\t\t\t\t\t\tPais \/ Cidade\t\t\t\t\t\t\t<\/label>\n\t\t\t\t\t\t\t\t\t\t\t\t\t\t<input size=\"1\" type=\"text\" name=\"form_fields[cidade]\" id=\"form-field-cidade\" class=\"elementor-field elementor-size-md  elementor-field-textual\" placeholder=\"Pais \/ Cidade\">\n\t\t\t\t\t\t\t\t\t\t\t<\/div>\n\t\t\t\t\t\t\t\t<div class=\"elementor-field-type-select elementor-field-group elementor-column elementor-field-group-departamento elementor-col-100 elementor-field-required\">\n\t\t\t\t\t\t\t\t\t\t\t\t<label for=\"form-field-departamento\" class=\"elementor-field-label\">\n\t\t\t\t\t\t\t\tDepartamento\t\t\t\t\t\t\t<\/label>\n\t\t\t\t\t\t\t\t<div class=\"elementor-field elementor-select-wrapper remove-before \">\n\t\t\t<div class=\"select-caret-down-wrapper\">\n\t\t\t\t<i aria-hidden=\"true\" class=\"eicon-caret-down\"><\/i>\t\t\t<\/div>\n\t\t\t<select name=\"form_fields[departamento]\" id=\"form-field-departamento\" class=\"elementor-field-textual elementor-size-md\" required=\"required\">\n\t\t\t\t\t\t\t\t\t<option value=\"\"><\/option>\n\t\t\t\t\t\t\t\t\t<option value=\" rh@bmmineradora.com.br \">Recursos Humanos (RH) <\/option>\n\t\t\t\t\t\t\t\t\t<option value=\" financeiro@bmmineradora.com.br\">Financeiro <\/option>\n\t\t\t\t\t\t\t\t\t<option value=\" marketing@bmmineradora.com.br\">Marketing <\/option>\n\t\t\t\t\t\t\t\t\t<option value=\" comercial.varejo@bmmineradora.com.br\">Vendas <\/option>\n\t\t\t\t\t\t\t\t\t<option value=\" industrial@bmmineradora.com.br \">Produ\u00e7\u00e3o\/Opera\u00e7\u00f5es <\/option>\n\t\t\t\t\t\t\t\t\t<option value=\" logistica@bmmineradora.com.br\">Log\u00edstica <\/option>\n\t\t\t\t\t\t\t\t\t<option value=\" laboratorio@bmmineradora.com.br\">Qualidade <\/option>\n\t\t\t\t\t\t\t\t\t<option value=\" compras@bmmineradora.com.br\">Compras <\/option>\n\t\t\t\t\t\t\t<\/select>\n\t\t<\/div>\n\t\t\t\t\t\t<\/div>\n\t\t\t\t\t\t\t\t<div class=\"elementor-field-type-textarea elementor-field-group elementor-column elementor-field-group-menssagem elementor-col-100\">\n\t\t\t\t\t\t\t\t\t\t\t\t<label for=\"form-field-menssagem\" class=\"elementor-field-label\">\n\t\t\t\t\t\t\t\tMensagem\t\t\t\t\t\t\t<\/label>\n\t\t\t\t\t\t<textarea class=\"elementor-field-textual elementor-field  elementor-size-md\" name=\"form_fields[menssagem]\" id=\"form-field-menssagem\" rows=\"4\" placeholder=\"Mensagem\"><\/textarea>\t\t\t\t<\/div>\n\t\t\t\t\t\t\t\t<div class=\"elementor-field-type-recaptcha elementor-field-group elementor-column elementor-field-group-field_baad080 elementor-col-100\">\n\t\t\t\t\t<div class=\"elementor-field\" id=\"form-field-field_baad080\"><div class=\"elementor-g-recaptcha\" data-sitekey=\"6Ldn9FQqAAAAACyuzyV33XXxSJUR2EEqlwehUesa\" data-type=\"v2_checkbox\" data-theme=\"light\" data-size=\"normal\"><\/div><\/div>\t\t\t\t<\/div>\n\t\t\t\t\t\t\t\t<div class=\"elementor-field-group elementor-column elementor-field-type-submit elementor-col-100 e-form__buttons\">\n\t\t\t\t\t<button class=\"elementor-button elementor-size-md\" type=\"submit\">\n\t\t\t\t\t\t<span class=\"elementor-button-content-wrapper\">\n\t\t\t\t\t\t\t\t\t\t\t\t\t\t\t\t\t\t\t\t\t\t<span class=\"elementor-button-text\">Enviar<\/span>\n\t\t\t\t\t\t\t\t\t\t\t\t\t<\/span>\n\t\t\t\t\t<\/button>\n\t\t\t\t<\/div>\n\t\t\t<\/div>\n\t\t<\/form>\n\t\t\t\t\t\t<\/div>\n\t\t\t\t<\/div>\n\t\t\t\t<div class=\"elementor-element elementor-element-c5d5b72 elementor-widget elementor-widget-html\" data-id=\"c5d5b72\" data-element_type=\"widget\" data-widget_type=\"html.default\">\n\t\t\t\t<div class=\"elementor-widget-container\">\n\t\t\t\t\t\r\n\t\t\t\t<\/div>\n\t\t\t\t<\/div>\n\t\t\t\t<\/div>\n\t\t<div class=\"elementor-element elementor-element-326e2b5 e-flex e-con-boxed wpr-particle-no wpr-jarallax-no wpr-parallax-no wpr-sticky-section-no e-con e-child\" data-id=\"326e2b5\" data-element_type=\"container\">\n\t\t\t\t\t<div class=\"e-con-inner\">\n\t\t\t\t<div class=\"elementor-element elementor-element-7a17ff9 elementor-widget elementor-widget-image\" data-id=\"7a17ff9\" data-element_type=\"widget\" data-widget_type=\"image.default\">\n\t\t\t\t<div class=\"elementor-widget-container\">\n\t\t\t\t\t\t\t\t\t\t\t\t\t\t\t<img fetchpriority=\"high\" decoding=\"async\" width=\"750\" height=\"750\" src=\"https:\/\/aguaattiva.com.br\/wp-content\/uploads\/2023\/09\/Produtos-Attiva-2.png\" class=\"attachment-large size-large wp-image-286\" alt=\"\" srcset=\"https:\/\/aguaattiva.com.br\/wp-content\/uploads\/2023\/09\/Produtos-Attiva-2.png 750w, https:\/\/aguaattiva.com.br\/wp-content\/uploads\/2023\/09\/Produtos-Attiva-2-300x300.png 300w, https:\/\/aguaattiva.com.br\/wp-content\/uploads\/2023\/09\/Produtos-Attiva-2-100x100.png 100w, https:\/\/aguaattiva.com.br\/wp-content\/uploads\/2023\/09\/Produtos-Attiva-2-600x600.png 600w, https:\/\/aguaattiva.com.br\/wp-content\/uploads\/2023\/09\/Produtos-Attiva-2-150x150.png 150w\" sizes=\"(max-width: 750px) 100vw, 750px\" \/>\t\t\t\t\t\t\t\t\t\t\t\t\t\t\t<\/div>\n\t\t\t\t<\/div>\n\t\t\t\t<div class=\"elementor-element elementor-element-ac429dc elementor-widget elementor-widget-google_maps\" data-id=\"ac429dc\" data-element_type=\"widget\" data-widget_type=\"google_maps.default\">\n\t\t\t\t<div class=\"elementor-widget-container\">\n\t\t\t\t\t\t\t<div class=\"elementor-custom-embed\">\n\t\t\t<iframe loading=\"lazy\"\n\t\t\t\t\tsrc=\"https:\/\/maps.google.com\/maps?q=%C3%81gua%20Mineral%20Attiva&#038;t=m&#038;z=14&#038;output=embed&#038;iwloc=near\"\n\t\t\t\t\ttitle=\"\u00c1gua Mineral Attiva\"\n\t\t\t\t\taria-label=\"\u00c1gua Mineral Attiva\"\n\t\t\t><\/iframe>\n\t\t<\/div>\n\t\t\t\t\t\t<\/div>\n\t\t\t\t<\/div>\n\t\t\t\t\t<\/div>\n\t\t\t\t<\/div>\n\t\t\t\t\t<\/div>\n\t\t\t\t<\/div>\n\t\t<div class=\"elementor-element elementor-element-bbcaaf5 e-flex e-con-boxed wpr-particle-no wpr-jarallax-no wpr-parallax-no wpr-sticky-section-no e-con e-child\" data-id=\"bbcaaf5\" data-element_type=\"container\">\n\t\t\t\t\t<div class=\"e-con-inner\">\n\t\t<div class=\"elementor-element elementor-element-d9a22e7 e-flex e-con-boxed wpr-particle-no wpr-jarallax-no wpr-parallax-no wpr-sticky-section-no e-con e-child\" data-id=\"d9a22e7\" data-element_type=\"container\">\n\t\t\t\t\t<div class=\"e-con-inner\">\n\t\t\t\t\t<\/div>\n\t\t\t\t<\/div>\n\t\t\t\t\t<\/div>\n\t\t\t\t<\/div>\n\t\t\t\t<\/div>\n\t\t\t\t<\/div>\n\t\t","protected":false},"excerpt":{"rendered":"<p>Contato Fale conosco<\/p>","protected":false},"author":1,"featured_media":0,"parent":0,"menu_order":0,"comment_status":"closed","ping_status":"closed","template":"elementor_header_footer","meta":{"footnotes":""},"class_list":["post-633","page","type-page","status-publish","hentry"],"yoast_head":"<!-- This site is optimized with the Yoast SEO Premium plugin v21.4 (Yoast SEO v27.2) - https:\/\/yoast.com\/product\/yoast-seo-premium-wordpress\/ -->\n<title>Contato - aguaattiva.com.br<\/title>\n<meta name=\"robots\" content=\"index, follow, max-snippet:-1, max-image-preview:large, max-video-preview:-1\" \/>\n<link rel=\"canonical\" href=\"https:\/\/aguaattiva.com.br\/zh\/contato\/\" \/>\n<meta property=\"og:locale\" content=\"zh_CN\" \/>\n<meta property=\"og:type\" content=\"article\" \/>\n<meta property=\"og:title\" content=\"Contato\" \/>\n<meta property=\"og:description\" content=\"Contato Fale conosco\" \/>\n<meta property=\"og:url\" content=\"https:\/\/aguaattiva.com.br\/zh\/contato\/\" \/>\n<meta property=\"og:site_name\" content=\"aguaattiva.com.br\" \/>\n<meta property=\"article:publisher\" content=\"https:\/\/www.facebook.com\/AguaAttiva\" \/>\n<meta property=\"article:modified_time\" content=\"2024-10-17T21:06:47+00:00\" \/>\n<meta property=\"og:image\" content=\"http:\/\/aguaattiva.com.br\/wp-content\/uploads\/2023\/09\/Produtos-Attiva-2.png\" \/>\n<meta name=\"twitter:card\" content=\"summary_large_image\" \/>\n<script type=\"application\/ld+json\" class=\"yoast-schema-graph\">{\"@context\":\"https:\/\/schema.org\",\"@graph\":[{\"@type\":\"WebPage\",\"@id\":\"https:\/\/aguaattiva.com.br\/contato\/\",\"url\":\"https:\/\/aguaattiva.com.br\/contato\/\",\"name\":\"Contato - aguaattiva.com.br\",\"isPartOf\":{\"@id\":\"https:\/\/aguaattiva.com.br\/#website\"},\"primaryImageOfPage\":{\"@id\":\"https:\/\/aguaattiva.com.br\/contato\/#primaryimage\"},\"image\":{\"@id\":\"https:\/\/aguaattiva.com.br\/contato\/#primaryimage\"},\"thumbnailUrl\":\"http:\/\/aguaattiva.com.br\/wp-content\/uploads\/2023\/09\/Produtos-Attiva-2.png\",\"datePublished\":\"2023-09-14T23:08:32+00:00\",\"dateModified\":\"2024-10-17T21:06:47+00:00\",\"breadcrumb\":{\"@id\":\"https:\/\/aguaattiva.com.br\/contato\/#breadcrumb\"},\"inLanguage\":\"zh-Hans\",\"potentialAction\":[{\"@type\":\"ReadAction\",\"target\":[\"https:\/\/aguaattiva.com.br\/contato\/\"]}]},{\"@type\":\"ImageObject\",\"inLanguage\":\"zh-Hans\",\"@id\":\"https:\/\/aguaattiva.com.br\/contato\/#primaryimage\",\"url\":\"http:\/\/aguaattiva.com.br\/wp-content\/uploads\/2023\/09\/Produtos-Attiva-2.png\",\"contentUrl\":\"http:\/\/aguaattiva.com.br\/wp-content\/uploads\/2023\/09\/Produtos-Attiva-2.png\"},{\"@type\":\"BreadcrumbList\",\"@id\":\"https:\/\/aguaattiva.com.br\/contato\/#breadcrumb\",\"itemListElement\":[{\"@type\":\"ListItem\",\"position\":1,\"name\":\"In\u00edcio\",\"item\":\"https:\/\/aguaattiva.com.br\/pt_br\/\"},{\"@type\":\"ListItem\",\"position\":2,\"name\":\"Contato\"}]},{\"@type\":\"WebSite\",\"@id\":\"https:\/\/aguaattiva.com.br\/#website\",\"url\":\"https:\/\/aguaattiva.com.br\/\",\"name\":\"Agua Mineral Natural Attiva\",\"description\":\"\u00c1gua Mineral Attiva \u00e9 sin\u00f4nimo de pureza, qualidade e compromisso com a sa\u00fade e bem-estar dos nossos consumidores. Extra\u00edda de fontes cuidadosamente protegidas, nossa \u00e1gua passa por rigorosos controles de qualidade para garantir um produto leve, refrescante e naturalmente equilibrado em sais minerais.  Atuamos no mercado com responsabilidade ambiental e excel\u00eancia em cada etapa da produ\u00e7\u00e3o e distribui\u00e7\u00e3o. Oferecemos uma linha completa para atender diferentes necessidades: 510ml, 1500ml, 5L e 20L, ideal para o dia a dia, empresas, eventos e estabelecimentos comerciais.  Nossa miss\u00e3o \u00e9 levar hidrata\u00e7\u00e3o de qualidade a todos os lares, com respeito \u00e0 natureza e dedica\u00e7\u00e3o ao cliente. Acreditamos que cuidar da sua sa\u00fade come\u00e7a com uma escolha simples: beber bem, beber Attiva.\",\"publisher\":{\"@id\":\"https:\/\/aguaattiva.com.br\/#organization\"},\"alternateName\":\"Agua Attiva\",\"potentialAction\":[{\"@type\":\"SearchAction\",\"target\":{\"@type\":\"EntryPoint\",\"urlTemplate\":\"https:\/\/aguaattiva.com.br\/?s={search_term_string}\"},\"query-input\":{\"@type\":\"PropertyValueSpecification\",\"valueRequired\":true,\"valueName\":\"search_term_string\"}}],\"inLanguage\":\"zh-Hans\"},{\"@type\":\"Organization\",\"@id\":\"https:\/\/aguaattiva.com.br\/#organization\",\"name\":\"Grupo Attiva\",\"url\":\"https:\/\/aguaattiva.com.br\/\",\"logo\":{\"@type\":\"ImageObject\",\"inLanguage\":\"zh-Hans\",\"@id\":\"https:\/\/aguaattiva.com.br\/#\/schema\/logo\/image\/\",\"url\":\"https:\/\/aguaattiva.com.br\/wp-content\/uploads\/2023\/09\/agua_attiva-400-e1694737808635.png\",\"contentUrl\":\"https:\/\/aguaattiva.com.br\/wp-content\/uploads\/2023\/09\/agua_attiva-400-e1694737808635.png\",\"width\":400,\"height\":400,\"caption\":\"Grupo Attiva\"},\"image\":{\"@id\":\"https:\/\/aguaattiva.com.br\/#\/schema\/logo\/image\/\"},\"sameAs\":[\"https:\/\/www.facebook.com\/AguaAttiva\",\"https:\/\/www.instagram.com\/aguaattiva\/\"]}]}<\/script>\n<!-- \/ Yoast SEO Premium plugin. -->","yoast_head_json":{"title":"Contato - aguaattiva.com.br","robots":{"index":"index","follow":"follow","max-snippet":"max-snippet:-1","max-image-preview":"max-image-preview:large","max-video-preview":"max-video-preview:-1"},"canonical":"https:\/\/aguaattiva.com.br\/zh\/contato\/","og_locale":"zh_CN","og_type":"article","og_title":"Contato","og_description":"Contato Fale conosco","og_url":"https:\/\/aguaattiva.com.br\/zh\/contato\/","og_site_name":"aguaattiva.com.br","article_publisher":"https:\/\/www.facebook.com\/AguaAttiva","article_modified_time":"2024-10-17T21:06:47+00:00","og_image":[{"url":"http:\/\/aguaattiva.com.br\/wp-content\/uploads\/2023\/09\/Produtos-Attiva-2.png","type":"","width":"","height":""}],"twitter_card":"summary_large_image","schema":{"@context":"https:\/\/schema.org","@graph":[{"@type":"WebPage","@id":"https:\/\/aguaattiva.com.br\/contato\/","url":"https:\/\/aguaattiva.com.br\/contato\/","name":"Contato - aguaattiva.com.br","isPartOf":{"@id":"https:\/\/aguaattiva.com.br\/#website"},"primaryImageOfPage":{"@id":"https:\/\/aguaattiva.com.br\/contato\/#primaryimage"},"image":{"@id":"https:\/\/aguaattiva.com.br\/contato\/#primaryimage"},"thumbnailUrl":"http:\/\/aguaattiva.com.br\/wp-content\/uploads\/2023\/09\/Produtos-Attiva-2.png","datePublished":"2023-09-14T23:08:32+00:00","dateModified":"2024-10-17T21:06:47+00:00","breadcrumb":{"@id":"https:\/\/aguaattiva.com.br\/contato\/#breadcrumb"},"inLanguage":"zh-Hans","potentialAction":[{"@type":"ReadAction","target":["https:\/\/aguaattiva.com.br\/contato\/"]}]},{"@type":"ImageObject","inLanguage":"zh-Hans","@id":"https:\/\/aguaattiva.com.br\/contato\/#primaryimage","url":"http:\/\/aguaattiva.com.br\/wp-content\/uploads\/2023\/09\/Produtos-Attiva-2.png","contentUrl":"http:\/\/aguaattiva.com.br\/wp-content\/uploads\/2023\/09\/Produtos-Attiva-2.png"},{"@type":"BreadcrumbList","@id":"https:\/\/aguaattiva.com.br\/contato\/#breadcrumb","itemListElement":[{"@type":"ListItem","position":1,"name":"In\u00edcio","item":"https:\/\/aguaattiva.com.br\/pt_br\/"},{"@type":"ListItem","position":2,"name":"Contato"}]},{"@type":"WebSite","@id":"https:\/\/aguaattiva.com.br\/#website","url":"https:\/\/aguaattiva.com.br\/","name":"Agua Mineral Natural Attiva","description":"\u00c1gua Mineral Attiva \u00e9 sin\u00f4nimo de pureza, qualidade e compromisso com a sa\u00fade e bem-estar dos nossos consumidores. Extra\u00edda de fontes cuidadosamente protegidas, nossa \u00e1gua passa por rigorosos controles de qualidade para garantir um produto leve, refrescante e naturalmente equilibrado em sais minerais.  Atuamos no mercado com responsabilidade ambiental e excel\u00eancia em cada etapa da produ\u00e7\u00e3o e distribui\u00e7\u00e3o. Oferecemos uma linha completa para atender diferentes necessidades: 510ml, 1500ml, 5L e 20L, ideal para o dia a dia, empresas, eventos e estabelecimentos comerciais.  Nossa miss\u00e3o \u00e9 levar hidrata\u00e7\u00e3o de qualidade a todos os lares, com respeito \u00e0 natureza e dedica\u00e7\u00e3o ao cliente. Acreditamos que cuidar da sua sa\u00fade come\u00e7a com uma escolha simples: beber bem, beber Attiva.","publisher":{"@id":"https:\/\/aguaattiva.com.br\/#organization"},"alternateName":"Agua Attiva","potentialAction":[{"@type":"SearchAction","target":{"@type":"EntryPoint","urlTemplate":"https:\/\/aguaattiva.com.br\/?s={search_term_string}"},"query-input":{"@type":"PropertyValueSpecification","valueRequired":true,"valueName":"search_term_string"}}],"inLanguage":"zh-Hans"},{"@type":"Organization","@id":"https:\/\/aguaattiva.com.br\/#organization","name":"Attiva\u96c6\u56e2","url":"https:\/\/aguaattiva.com.br\/","logo":{"@type":"ImageObject","inLanguage":"zh-Hans","@id":"https:\/\/aguaattiva.com.br\/#\/schema\/logo\/image\/","url":"https:\/\/aguaattiva.com.br\/wp-content\/uploads\/2023\/09\/agua_attiva-400-e1694737808635.png","contentUrl":"https:\/\/aguaattiva.com.br\/wp-content\/uploads\/2023\/09\/agua_attiva-400-e1694737808635.png","width":400,"height":400,"caption":"Grupo Attiva"},"image":{"@id":"https:\/\/aguaattiva.com.br\/#\/schema\/logo\/image\/"},"sameAs":["https:\/\/www.facebook.com\/AguaAttiva","https:\/\/www.instagram.com\/aguaattiva\/"]}]}},"_links":{"self":[{"href":"https:\/\/aguaattiva.com.br\/zh\/wp-json\/wp\/v2\/pages\/633","targetHints":{"allow":["GET"]}}],"collection":[{"href":"https:\/\/aguaattiva.com.br\/zh\/wp-json\/wp\/v2\/pages"}],"about":[{"href":"https:\/\/aguaattiva.com.br\/zh\/wp-json\/wp\/v2\/types\/page"}],"author":[{"embeddable":true,"href":"https:\/\/aguaattiva.com.br\/zh\/wp-json\/wp\/v2\/users\/1"}],"replies":[{"embeddable":true,"href":"https:\/\/aguaattiva.com.br\/zh\/wp-json\/wp\/v2\/comments?post=633"}],"version-history":[{"count":232,"href":"https:\/\/aguaattiva.com.br\/zh\/wp-json\/wp\/v2\/pages\/633\/revisions"}],"predecessor-version":[{"id":3330,"href":"https:\/\/aguaattiva.com.br\/zh\/wp-json\/wp\/v2\/pages\/633\/revisions\/3330"}],"wp:attachment":[{"href":"https:\/\/aguaattiva.com.br\/zh\/wp-json\/wp\/v2\/media?parent=633"}],"curies":[{"name":"wp","href":"https:\/\/api.w.org\/{rel}","templated":true}]}}